{"id":223,"date":"2023-12-05T19:43:49","date_gmt":"2023-12-05T18:43:49","guid":{"rendered":"https:\/\/www.fahrfaraway.de\/wordpress\/?page_id=223"},"modified":"2023-12-06T23:02:59","modified_gmt":"2023-12-06T22:02:59","slug":"frankreich","status":"publish","type":"page","link":"https:\/\/www.fahrfaraway.de\/wordpress\/frankreich\/","title":{"rendered":"Frankreich"},"content":{"rendered":"\n<p>Eines der L\u00e4nder die wir h\u00f6chstwahrscheinlich auf unserer Reise \u00f6fter durchqueren werden. Hier erwarten euch spanende Geschichten und Erfahrungen. <\/p>\n","protected":false},"excerpt":{"rendered":"<p>Eines der L\u00e4nder die wir h\u00f6chstwahrscheinlich auf unserer Reise \u00f6fter durchqueren werden. Hier erwarten euch spanende Geschichten und Erfahrungen.<\/p>\n","protected":false},"author":1,"featured_media":0,"parent":0,"menu_order":0,"comment_status":"closed","ping_status":"closed","template":"","meta":{"footnotes":""},"class_list":["post-223","page","type-page","status-publish","hentry","entry"],"_links":{"self":[{"href":"https:\/\/www.fahrfaraway.de\/wordpress\/wp-json\/wp\/v2\/pages\/223","targetHints":{"allow":["GET"]}}],"collection":[{"href":"https:\/\/www.fahrfaraway.de\/wordpress\/wp-json\/wp\/v2\/pages"}],"about":[{"href":"https:\/\/www.fahrfaraway.de\/wordpress\/wp-json\/wp\/v2\/types\/page"}],"author":[{"embeddable":true,"href":"https:\/\/www.fahrfaraway.de\/wordpress\/wp-json\/wp\/v2\/users\/1"}],"replies":[{"embeddable":true,"href":"https:\/\/www.fahrfaraway.de\/wordpress\/wp-json\/wp\/v2\/comments?post=223"}],"version-history":[{"count":2,"href":"https:\/\/www.fahrfaraway.de\/wordpress\/wp-json\/wp\/v2\/pages\/223\/revisions"}],"predecessor-version":[{"id":225,"href":"https:\/\/www.fahrfaraway.de\/wordpress\/wp-json\/wp\/v2\/pages\/223\/revisions\/225"}],"wp:attachment":[{"href":"https:\/\/www.fahrfaraway.de\/wordpress\/wp-json\/wp\/v2\/media?parent=223"}],"curies":[{"name":"wp","href":"https:\/\/api.w.org\/{rel}","templated":true}]}}