{"id":38,"date":"2023-10-24T12:31:40","date_gmt":"2023-10-24T10:31:40","guid":{"rendered":"https:\/\/www.fahrfaraway.de\/wordpress\/?page_id=38"},"modified":"2024-01-20T11:35:45","modified_gmt":"2024-01-20T10:35:45","slug":"reiseblog","status":"publish","type":"page","link":"https:\/\/www.fahrfaraway.de\/wordpress\/reiseblog\/","title":{"rendered":"Beginn"},"content":{"rendered":"\n<p>Hier k\u00f6nnt ihr nachlesen, wie umfangreich es ist ein Auto auszubauen, welche Probleme auftreten k\u00f6nnen und was f\u00fcr Startschwierigkeiten wir hatten. Es gibt H\u00f6hen und Tiefen mit denen man zurechtkommen muss. Aber eins ist sicher, das war die richtige Entscheidung.<\/p>\n","protected":false},"excerpt":{"rendered":"<p>Hier k\u00f6nnt ihr nachlesen, wie umfangreich es ist ein Auto auszubauen, welche Probleme auftreten k\u00f6nnen und was f\u00fcr Startschwierigkeiten wir hatten. Es gibt H\u00f6hen und&#8230;<\/p>\n<div class=\"more-link-wrapper\"><a class=\"more-link\" href=\"https:\/\/www.fahrfaraway.de\/wordpress\/reiseblog\/\">Continue Reading<span class=\"screen-reader-text\">Beginn<\/span><\/a><\/div>\n","protected":false},"author":1,"featured_media":0,"parent":0,"menu_order":0,"comment_status":"closed","ping_status":"closed","template":"","meta":{"footnotes":""},"class_list":["post-38","page","type-page","status-publish","hentry","entry"],"_links":{"self":[{"href":"https:\/\/www.fahrfaraway.de\/wordpress\/wp-json\/wp\/v2\/pages\/38","targetHints":{"allow":["GET"]}}],"collection":[{"href":"https:\/\/www.fahrfaraway.de\/wordpress\/wp-json\/wp\/v2\/pages"}],"about":[{"href":"https:\/\/www.fahrfaraway.de\/wordpress\/wp-json\/wp\/v2\/types\/page"}],"author":[{"embeddable":true,"href":"https:\/\/www.fahrfaraway.de\/wordpress\/wp-json\/wp\/v2\/users\/1"}],"replies":[{"embeddable":true,"href":"https:\/\/www.fahrfaraway.de\/wordpress\/wp-json\/wp\/v2\/comments?post=38"}],"version-history":[{"count":4,"href":"https:\/\/www.fahrfaraway.de\/wordpress\/wp-json\/wp\/v2\/pages\/38\/revisions"}],"predecessor-version":[{"id":322,"href":"https:\/\/www.fahrfaraway.de\/wordpress\/wp-json\/wp\/v2\/pages\/38\/revisions\/322"}],"wp:attachment":[{"href":"https:\/\/www.fahrfaraway.de\/wordpress\/wp-json\/wp\/v2\/media?parent=38"}],"curies":[{"name":"wp","href":"https:\/\/api.w.org\/{rel}","templated":true}]}}