{"id":963,"date":"2024-11-01T19:27:10","date_gmt":"2024-11-01T18:27:10","guid":{"rendered":"https:\/\/www.fahrfaraway.de\/wordpress\/?page_id=963"},"modified":"2024-11-01T19:37:22","modified_gmt":"2024-11-01T18:37:22","slug":"abenteuer-von-leonie-und-fynn","status":"publish","type":"page","link":"https:\/\/www.fahrfaraway.de\/wordpress\/abenteuer-von-leonie-und-fynn\/","title":{"rendered":"Unsere Reisegeschichten"},"content":{"rendered":"\n<p><strong>Willkommen auf unserer gemeinsamen Reise!<\/strong><\/p>\n\n\n\n<p>Wir sind Leonie und Fynn, zwei Menschen Mitte 20, die 2023 ihre Jobs und ein St\u00fcck Alltag hinter sich gelassen haben, um gemeinsam auf Reisen zu gehen. Als ehemalige Partner und heute gute Freunde verbindet uns nicht nur eine besondere Geschichte, sondern auch die Neugier auf die Welt da drau\u00dfen.<\/p>\n\n\n\n<p>Mit unserem fahrbarem Zuhause Barlu sind wir durch Europa gezogen, haben uns in die Sch\u00f6nheit der Natur verliebt und die Vielfalt neuer Kulturen entdeckt. Unsere Abenteuer waren voller bewegender Momente \u2013 mit H\u00f6hen, die uns zum Lachen, und Tiefen, die uns zum Nachdenken gebracht haben.<\/p>\n\n\n\n<p>Hier k\u00f6nnt ihr uns auf dieser Reise begleiten, durch Erinnerungen st\u00f6bern und ein bisschen von der Freiheit sp\u00fcren, die uns begegnet ist. Wir freuen uns, wenn ihr ein paar Gedanken dalasst ! Viel Spa\u00df beim Lesen !<\/p>\n\n\n<div class=\"wp-block-image\">\n<figure class=\"aligncenter size-large is-resized\"><img loading=\"lazy\" decoding=\"async\" width=\"1024\" height=\"768\" src=\"https:\/\/www.fahrfaraway.de\/wordpress\/wp-content\/uploads\/2024\/03\/Foto-23.02.24-15-25-31-1024x768.jpg\" alt=\"\" class=\"wp-image-686\" style=\"width:476px;height:auto\" srcset=\"https:\/\/www.fahrfaraway.de\/wordpress\/wp-content\/uploads\/2024\/03\/Foto-23.02.24-15-25-31-1024x768.jpg 1024w, https:\/\/www.fahrfaraway.de\/wordpress\/wp-content\/uploads\/2024\/03\/Foto-23.02.24-15-25-31-300x225.jpg 300w, https:\/\/www.fahrfaraway.de\/wordpress\/wp-content\/uploads\/2024\/03\/Foto-23.02.24-15-25-31-768x576.jpg 768w, https:\/\/www.fahrfaraway.de\/wordpress\/wp-content\/uploads\/2024\/03\/Foto-23.02.24-15-25-31-1536x1152.jpg 1536w, https:\/\/www.fahrfaraway.de\/wordpress\/wp-content\/uploads\/2024\/03\/Foto-23.02.24-15-25-31-2048x1536.jpg 2048w\" sizes=\"auto, (max-width: 1024px) 100vw, 1024px\" \/><\/figure>\n<\/div>","protected":false},"excerpt":{"rendered":"<p>Willkommen auf unserer gemeinsamen Reise! Wir sind Leonie und Fynn, zwei Menschen Mitte 20, die 2023 ihre Jobs und ein St\u00fcck Alltag hinter sich gelassen&#8230;<\/p>\n<div class=\"more-link-wrapper\"><a class=\"more-link\" href=\"https:\/\/www.fahrfaraway.de\/wordpress\/abenteuer-von-leonie-und-fynn\/\">Continue Reading<span class=\"screen-reader-text\">Unsere Reisegeschichten<\/span><\/a><\/div>\n","protected":false},"author":1,"featured_media":0,"parent":0,"menu_order":0,"comment_status":"closed","ping_status":"closed","template":"","meta":{"footnotes":""},"class_list":["post-963","page","type-page","status-publish","hentry","entry"],"_links":{"self":[{"href":"https:\/\/www.fahrfaraway.de\/wordpress\/wp-json\/wp\/v2\/pages\/963","targetHints":{"allow":["GET"]}}],"collection":[{"href":"https:\/\/www.fahrfaraway.de\/wordpress\/wp-json\/wp\/v2\/pages"}],"about":[{"href":"https:\/\/www.fahrfaraway.de\/wordpress\/wp-json\/wp\/v2\/types\/page"}],"author":[{"embeddable":true,"href":"https:\/\/www.fahrfaraway.de\/wordpress\/wp-json\/wp\/v2\/users\/1"}],"replies":[{"embeddable":true,"href":"https:\/\/www.fahrfaraway.de\/wordpress\/wp-json\/wp\/v2\/comments?post=963"}],"version-history":[{"count":5,"href":"https:\/\/www.fahrfaraway.de\/wordpress\/wp-json\/wp\/v2\/pages\/963\/revisions"}],"predecessor-version":[{"id":970,"href":"https:\/\/www.fahrfaraway.de\/wordpress\/wp-json\/wp\/v2\/pages\/963\/revisions\/970"}],"wp:attachment":[{"href":"https:\/\/www.fahrfaraway.de\/wordpress\/wp-json\/wp\/v2\/media?parent=963"}],"curies":[{"name":"wp","href":"https:\/\/api.w.org\/{rel}","templated":true}]}}