{"id":982,"date":"2024-11-21T14:28:17","date_gmt":"2024-11-21T13:28:17","guid":{"rendered":"https:\/\/www.fahrfaraway.de\/wordpress\/?page_id=982"},"modified":"2024-11-21T14:28:17","modified_gmt":"2024-11-21T13:28:17","slug":"lebensweg","status":"publish","type":"page","link":"https:\/\/www.fahrfaraway.de\/wordpress\/lebensweg\/","title":{"rendered":"Lebensweg"},"content":{"rendered":"\n<p>Ich m\u00f6chte meinen Gedanken und Gef\u00fchlen Raum geben \u2013 Raum f\u00fcr Kreativit\u00e4t, f\u00fcr Ausdruck, f\u00fcr Wachstum. Indem ich meine Alltagserfahrungen zu Papier bringe, lade ich euch ein, einen Blick in mein Sein zu werfen.<\/p>\n\n\n\n<p>Das Leben auf einem Hof bringt Herausforderungen mit sich, aber auch unendlich viele M\u00f6glichkeiten, sich weiterzuentwickeln und zu wachsen. Es ist ein Prozess des Schaffens und Lernens, des Scheiterns und Wiederaufstehens.<\/p>\n\n\n\n<p>Mein Ziel ist es, einen Ort der Heilung zu erschaffen. Einen Raum, in dem sowohl die Erde als auch die Seele wachsen d\u00fcrfen. Einen Ort, der inspiriert, verbindet und st\u00e4rkt.<\/p>\n","protected":false},"excerpt":{"rendered":"<p>Ich m\u00f6chte meinen Gedanken und Gef\u00fchlen Raum geben \u2013 Raum f\u00fcr Kreativit\u00e4t, f\u00fcr Ausdruck, f\u00fcr Wachstum. Indem ich meine Alltagserfahrungen zu Papier bringe, lade ich&#8230;<\/p>\n<div class=\"more-link-wrapper\"><a class=\"more-link\" href=\"https:\/\/www.fahrfaraway.de\/wordpress\/lebensweg\/\">Continue Reading<span class=\"screen-reader-text\">Lebensweg<\/span><\/a><\/div>\n","protected":false},"author":1,"featured_media":0,"parent":0,"menu_order":0,"comment_status":"closed","ping_status":"closed","template":"","meta":{"footnotes":""},"class_list":["post-982","page","type-page","status-publish","hentry","entry"],"_links":{"self":[{"href":"https:\/\/www.fahrfaraway.de\/wordpress\/wp-json\/wp\/v2\/pages\/982","targetHints":{"allow":["GET"]}}],"collection":[{"href":"https:\/\/www.fahrfaraway.de\/wordpress\/wp-json\/wp\/v2\/pages"}],"about":[{"href":"https:\/\/www.fahrfaraway.de\/wordpress\/wp-json\/wp\/v2\/types\/page"}],"author":[{"embeddable":true,"href":"https:\/\/www.fahrfaraway.de\/wordpress\/wp-json\/wp\/v2\/users\/1"}],"replies":[{"embeddable":true,"href":"https:\/\/www.fahrfaraway.de\/wordpress\/wp-json\/wp\/v2\/comments?post=982"}],"version-history":[{"count":1,"href":"https:\/\/www.fahrfaraway.de\/wordpress\/wp-json\/wp\/v2\/pages\/982\/revisions"}],"predecessor-version":[{"id":983,"href":"https:\/\/www.fahrfaraway.de\/wordpress\/wp-json\/wp\/v2\/pages\/982\/revisions\/983"}],"wp:attachment":[{"href":"https:\/\/www.fahrfaraway.de\/wordpress\/wp-json\/wp\/v2\/media?parent=982"}],"curies":[{"name":"wp","href":"https:\/\/api.w.org\/{rel}","templated":true}]}}